{"id":1616,"date":"2023-11-02T09:28:40","date_gmt":"2023-11-02T13:28:40","guid":{"rendered":"https:\/\/www.lmpharmaciennes.com\/prix-et-distinctions\/"},"modified":"2025-09-26T14:38:25","modified_gmt":"2025-09-26T18:38:25","slug":"awards-and-distinctions","status":"publish","type":"page","link":"https:\/\/www.lmpharmaciennes.com\/en\/awards-and-distinctions\/","title":{"rendered":"Awards and distinctions"},"content":{"rendered":"","protected":false},"excerpt":{"rendered":"","protected":false},"author":1,"featured_media":0,"parent":0,"menu_order":0,"comment_status":"closed","ping_status":"closed","template":"views\/template-custom.blade.php","meta":{"_acf_changed":false,"footnotes":""},"class_list":["post-1616","page","type-page","status-publish","hentry"],"acf":[],"yoast_head":"<!-- This site is optimized with the Yoast SEO plugin v27.3 - https:\/\/yoast.com\/product\/yoast-seo-wordpress\/ -->\n<title>Awards and distinctions - Larivi\u00e8re et Massicotte Pharmaciennes, inc. Awards and Distinctions | Larivi\u00e8re et Massicotte, Pharmaciennes inc. Pharmacy<\/title>\n<meta name=\"description\" content=\"Larivi\u00e8re et Massicotte pharmacy: Eco-friendly and carbon-neutral practices, innovative solutions, specialized treatments.\" \/>\n<meta name=\"robots\" content=\"index, follow, max-snippet:-1, max-image-preview:large, max-video-preview:-1\" \/>\n<link rel=\"canonical\" href=\"https:\/\/www.lmpharmaciennes.com\/en\/awards-and-distinctions\/\" \/>\n<meta property=\"og:locale\" content=\"en_US\" \/>\n<meta property=\"og:type\" content=\"article\" \/>\n<meta property=\"og:title\" content=\"Awards and distinctions - Larivi\u00e8re et Massicotte Pharmaciennes, inc. Awards and Distinctions | Larivi\u00e8re et Massicotte, Pharmaciennes inc. Pharmacy\" \/>\n<meta property=\"og:description\" content=\"Larivi\u00e8re et Massicotte pharmacy: Eco-friendly and carbon-neutral practices, innovative solutions, specialized treatments.\" \/>\n<meta property=\"og:url\" content=\"https:\/\/www.lmpharmaciennes.com\/en\/awards-and-distinctions\/\" \/>\n<meta property=\"og:site_name\" content=\"Larivi\u00e8re et Massicotte Pharmaciennes, inc.\" \/>\n<meta property=\"article:modified_time\" content=\"2025-09-26T18:38:25+00:00\" \/>\n<meta property=\"og:image\" content=\"https:\/\/www.lmpharmaciennes.com\/wp-content\/uploads\/2023\/12\/Accueil-1-1.png\" \/>\n\t<meta property=\"og:image:width\" content=\"1000\" \/>\n\t<meta property=\"og:image:height\" content=\"554\" \/>\n\t<meta property=\"og:image:type\" content=\"image\/png\" \/>\n<meta name=\"twitter:card\" content=\"summary_large_image\" \/>\n<script type=\"application\/ld+json\" class=\"yoast-schema-graph\">{\"@context\":\"https:\\\/\\\/schema.org\",\"@graph\":[{\"@type\":\"WebPage\",\"@id\":\"https:\\\/\\\/www.lmpharmaciennes.com\\\/en\\\/awards-and-distinctions\\\/\",\"url\":\"https:\\\/\\\/www.lmpharmaciennes.com\\\/en\\\/awards-and-distinctions\\\/\",\"name\":\"Awards and distinctions - Larivi\u00e8re et Massicotte Pharmaciennes, inc. Awards and Distinctions | Larivi\u00e8re et Massicotte, Pharmaciennes inc. Pharmacy\",\"isPartOf\":{\"@id\":\"https:\\\/\\\/www.lmpharmaciennes.com\\\/en\\\/#website\"},\"datePublished\":\"2023-11-02T13:28:40+00:00\",\"dateModified\":\"2025-09-26T18:38:25+00:00\",\"description\":\"Larivi\u00e8re et Massicotte pharmacy: Eco-friendly and carbon-neutral practices, innovative solutions, specialized treatments.\",\"breadcrumb\":{\"@id\":\"https:\\\/\\\/www.lmpharmaciennes.com\\\/en\\\/awards-and-distinctions\\\/#breadcrumb\"},\"inLanguage\":\"en-US\",\"potentialAction\":[{\"@type\":\"ReadAction\",\"target\":[\"https:\\\/\\\/www.lmpharmaciennes.com\\\/en\\\/awards-and-distinctions\\\/\"]}]},{\"@type\":\"BreadcrumbList\",\"@id\":\"https:\\\/\\\/www.lmpharmaciennes.com\\\/en\\\/awards-and-distinctions\\\/#breadcrumb\",\"itemListElement\":[{\"@type\":\"ListItem\",\"position\":1,\"name\":\"Accueil\",\"item\":\"https:\\\/\\\/www.lmpharmaciennes.com\\\/en\\\/\"},{\"@type\":\"ListItem\",\"position\":2,\"name\":\"Awards and distinctions\"}]},{\"@type\":\"WebSite\",\"@id\":\"https:\\\/\\\/www.lmpharmaciennes.com\\\/en\\\/#website\",\"url\":\"https:\\\/\\\/www.lmpharmaciennes.com\\\/en\\\/\",\"name\":\"Larivi\u00e8re et Massicotte Pharmaciennes, inc.\",\"description\":\"\",\"potentialAction\":[{\"@type\":\"SearchAction\",\"target\":{\"@type\":\"EntryPoint\",\"urlTemplate\":\"https:\\\/\\\/www.lmpharmaciennes.com\\\/en\\\/?s={search_term_string}\"},\"query-input\":{\"@type\":\"PropertyValueSpecification\",\"valueRequired\":true,\"valueName\":\"search_term_string\"}}],\"inLanguage\":\"en-US\"}]}<\/script>\n<!-- \/ Yoast SEO plugin. -->","yoast_head_json":{"title":"Awards and distinctions - Larivi\u00e8re et Massicotte Pharmaciennes, inc. Awards and Distinctions | Larivi\u00e8re et Massicotte, Pharmaciennes inc. Pharmacy","description":"Larivi\u00e8re et Massicotte pharmacy: Eco-friendly and carbon-neutral practices, innovative solutions, specialized treatments.","robots":{"index":"index","follow":"follow","max-snippet":"max-snippet:-1","max-image-preview":"max-image-preview:large","max-video-preview":"max-video-preview:-1"},"canonical":"https:\/\/www.lmpharmaciennes.com\/en\/awards-and-distinctions\/","og_locale":"en_US","og_type":"article","og_title":"Awards and distinctions - Larivi\u00e8re et Massicotte Pharmaciennes, inc. Awards and Distinctions | Larivi\u00e8re et Massicotte, Pharmaciennes inc. Pharmacy","og_description":"Larivi\u00e8re et Massicotte pharmacy: Eco-friendly and carbon-neutral practices, innovative solutions, specialized treatments.","og_url":"https:\/\/www.lmpharmaciennes.com\/en\/awards-and-distinctions\/","og_site_name":"Larivi\u00e8re et Massicotte Pharmaciennes, inc.","article_modified_time":"2025-09-26T18:38:25+00:00","og_image":[{"width":1000,"height":554,"url":"https:\/\/www.lmpharmaciennes.com\/wp-content\/uploads\/2023\/12\/Accueil-1-1.png","type":"image\/png"}],"twitter_card":"summary_large_image","schema":{"@context":"https:\/\/schema.org","@graph":[{"@type":"WebPage","@id":"https:\/\/www.lmpharmaciennes.com\/en\/awards-and-distinctions\/","url":"https:\/\/www.lmpharmaciennes.com\/en\/awards-and-distinctions\/","name":"Awards and distinctions - Larivi\u00e8re et Massicotte Pharmaciennes, inc. Awards and Distinctions | Larivi\u00e8re et Massicotte, Pharmaciennes inc. Pharmacy","isPartOf":{"@id":"https:\/\/www.lmpharmaciennes.com\/en\/#website"},"datePublished":"2023-11-02T13:28:40+00:00","dateModified":"2025-09-26T18:38:25+00:00","description":"Larivi\u00e8re et Massicotte pharmacy: Eco-friendly and carbon-neutral practices, innovative solutions, specialized treatments.","breadcrumb":{"@id":"https:\/\/www.lmpharmaciennes.com\/en\/awards-and-distinctions\/#breadcrumb"},"inLanguage":"en-US","potentialAction":[{"@type":"ReadAction","target":["https:\/\/www.lmpharmaciennes.com\/en\/awards-and-distinctions\/"]}]},{"@type":"BreadcrumbList","@id":"https:\/\/www.lmpharmaciennes.com\/en\/awards-and-distinctions\/#breadcrumb","itemListElement":[{"@type":"ListItem","position":1,"name":"Accueil","item":"https:\/\/www.lmpharmaciennes.com\/en\/"},{"@type":"ListItem","position":2,"name":"Awards and distinctions"}]},{"@type":"WebSite","@id":"https:\/\/www.lmpharmaciennes.com\/en\/#website","url":"https:\/\/www.lmpharmaciennes.com\/en\/","name":"Larivi\u00e8re et Massicotte Pharmaciennes, inc.","description":"","potentialAction":[{"@type":"SearchAction","target":{"@type":"EntryPoint","urlTemplate":"https:\/\/www.lmpharmaciennes.com\/en\/?s={search_term_string}"},"query-input":{"@type":"PropertyValueSpecification","valueRequired":true,"valueName":"search_term_string"}}],"inLanguage":"en-US"}]}},"_links":{"self":[{"href":"https:\/\/www.lmpharmaciennes.com\/en\/wp-json\/wp\/v2\/pages\/1616","targetHints":{"allow":["GET"]}}],"collection":[{"href":"https:\/\/www.lmpharmaciennes.com\/en\/wp-json\/wp\/v2\/pages"}],"about":[{"href":"https:\/\/www.lmpharmaciennes.com\/en\/wp-json\/wp\/v2\/types\/page"}],"author":[{"embeddable":true,"href":"https:\/\/www.lmpharmaciennes.com\/en\/wp-json\/wp\/v2\/users\/1"}],"replies":[{"embeddable":true,"href":"https:\/\/www.lmpharmaciennes.com\/en\/wp-json\/wp\/v2\/comments?post=1616"}],"version-history":[{"count":2,"href":"https:\/\/www.lmpharmaciennes.com\/en\/wp-json\/wp\/v2\/pages\/1616\/revisions"}],"predecessor-version":[{"id":3464,"href":"https:\/\/www.lmpharmaciennes.com\/en\/wp-json\/wp\/v2\/pages\/1616\/revisions\/3464"}],"wp:attachment":[{"href":"https:\/\/www.lmpharmaciennes.com\/en\/wp-json\/wp\/v2\/media?parent=1616"}],"curies":[{"name":"wp","href":"https:\/\/api.w.org\/{rel}","templated":true}]}}